{"id":190,"date":"2022-10-22T19:49:47","date_gmt":"2022-10-22T19:49:47","guid":{"rendered":"https:\/\/sonnenhof-mariarain.at\/?page_id=190"},"modified":"2022-11-02T14:57:12","modified_gmt":"2022-11-02T14:57:12","slug":"datenschutz","status":"publish","type":"page","link":"https:\/\/sonnenhof-mariarain.at\/en\/datenschutz\/","title":{"rendered":"privacy policy"},"content":{"rendered":"<div class=\"wpb-content-wrapper\"><div data-parent=\"true\" class=\"vc_row row-container\" id=\"row-unique-0\"><div class=\"row limit-width row-parent\"><div class=\"wpb_row row-inner\"><div class=\"wpb_column pos-top pos-center align_left column_parent col-lg-12 single-internal-gutter\"><div class=\"uncol style-light\"  ><div class=\"uncoltable\"><div class=\"uncell no-block-padding\" ><div class=\"uncont\"><div class=\"vc_custom_heading_wrap\"><div class=\"heading-text el-text zoom-in animate_when_almost_visible\" ><h2 class=\"h1\" ><span>Privacy policy<\/span><\/h2><\/div><div class=\"clear\"><\/div><\/div><div class=\"uncode_text_column zoom-in animate_when_almost_visible\" ><p>In the following privacy policy, we inform you about the most important aspects of data processing within the framework of our website. We collect and process personal data only on the basis of the legal provisions (Basic Data Protection Regulation, Telecommunications Act 2003).<\/p>\n<p>As soon as you access or visit our website as a user, your IP address, start and end of the session are recorded. This is technically required and therefore constitutes a legitimate interest iSv Art 6 para 1 lit f DSGVO.<\/p>\n<\/div><div class=\"vc_custom_heading_wrap\"><div class=\"heading-text el-text zoom-in animate_when_almost_visible\" ><h2 class=\"h2\" ><span>Contact us<\/span><\/h2><\/div><div class=\"clear\"><\/div><\/div><div class=\"uncode_text_column zoom-in animate_when_almost_visible\" ><p>If you contact us, either via our contact form on our website, or by email, then the data you send us will be stored for six months for the purpose of processing your request or in case of further follow-up questions. Your transmitted data will not be passed on without your consent.<\/p>\n<\/div><div class=\"vc_custom_heading_wrap\"><div class=\"heading-text el-text zoom-in animate_when_almost_visible\" ><h2 class=\"h2\" ><span>Cookies<\/span><\/h2><\/div><div class=\"clear\"><\/div><\/div><div class=\"uncode_text_column zoom-in animate_when_almost_visible\" ><p>Our website uses so-called cookies. These are small text files that are stored on your end device with the help of the browser. They do not cause any damage. We use cookies to make our offer user-friendly. Some cookies remain stored on your end device until you delete them. They enable us to recognize your browser on your next visit. If you do not wish this, you can set up your browser so that it informs you about the setting of cookies and you only allow this in individual cases. When deactivating cookies, the functionality of our website may be limited.<\/p>\n<\/div><div class=\"vc_custom_heading_wrap\"><div class=\"heading-text el-text zoom-in animate_when_almost_visible\" ><h2 class=\"h2\" ><span>Google Maps<\/span><\/h2><\/div><div class=\"clear\"><\/div><\/div><div class=\"uncode_text_column zoom-in animate_when_almost_visible\" ><p>Our website uses functions of the web map service \"Google Maps\". The service provider of this function is:<\/p>\n<ul>\n<li>Google Ireland Limited Gordon House, Barrow Street Dublin 4, Irland. Telefon: +353 1 543 1000<\/li>\n<\/ul>\n<p>In the course of using Google Maps, it is necessary to store and process your IP address. Google usually transfers to a server in the USA and stores the data there. The processing is done by the service provider (mentioned above), the operator of this homepage has no influence on the transmission of the data.<\/p>\n<p>The data processing is based on the legal provisions of \u00a7 96 para 3 TKG and Art 6 para 1 lit f (legitimate interest) of the DSGVO. The use of Google Maps increases the findability of the locations provided on our website.<\/p>\n<p>Further information about the handling of user data of the service provider \"Google\" can be found in the privacy policy:<\/p>\n<p><a href=\"https:\/\/policies.google.com\/privacy?hl=de\">https:\/\/policies.google.com\/privacy?hl=de\u00a0<\/a>.<\/p>\n<p>Google also processes the data in the U.S., but has joined the<br \/>\nEU-US Privacy Shield.<\/p>\n<p><a href=\"https:\/\/www.privacyshield.gov\/EU-US-Framework\">https:\/\/www.privacyshield.gov\/EU-US-Framework<\/a><\/p>\n<\/div><div class=\"vc_custom_heading_wrap\"><div class=\"heading-text el-text zoom-in animate_when_almost_visible\" ><h2 class=\"h2\" ><span>Google Fonts<\/span><\/h2><\/div><div class=\"clear\"><\/div><\/div><div class=\"uncode_text_column zoom-in animate_when_almost_visible\" ><p>Our website uses fonts from \"Google Fonts\". The service provider of this feature is:<\/p>\n<ul>\n<li>Google Ireland Limited Gordon House, Barrow Street Dublin 4. Ireland<\/li>\n<\/ul>\n<p>Tel: +353 1 543 1000<\/p>\n<p>When you visit this website, your browser loads fonts and stores them in the cache. Since you, as a visitor to the website, receive data from the service provider, Google may set or analyze cookies on your computer.<\/p>\n<p>The use of \"Google Fonts\" serves to optimize our service and the uniform presentation of content. This represents a legitimate interest within the meaning of Art. 6 para. 1 lit. f DSGVO.<\/p>\n<p>For more information about Google Fonts, please visit the following link:<\/p>\n<ul>\n<li><a href=\"https:\/\/developers.google.com\/fonts\/faq\">https:\/\/developers.google.com\/fonts\/faq<\/a><\/li>\n<\/ul>\n<p>For more information about Google's handling of user data, please refer to the privacy policy:<\/p>\n<ul>\n<li><a href=\"https:\/\/policies.google.com\/privacy?hl=de\">https:\/\/policies.google.com\/privacy?hl=de\u00a0<\/a>.<\/li>\n<\/ul>\n<p>Google also processes the data in the U.S., but has joined the<br \/>\nEU-US Privacy Shield.<\/p>\n<p><a href=\"https:\/\/www.privacyshield.gov\/EU-US-Framework\">https:\/\/www.privacyshield.gov\/EU-US-Framework<\/a><\/p>\n<\/div><div class=\"vc_custom_heading_wrap\"><div class=\"heading-text el-text zoom-in animate_when_almost_visible\" ><h2 class=\"h2\" ><span>Server-Log Files<\/span><\/h2><\/div><div class=\"clear\"><\/div><\/div><div class=\"uncode_text_column zoom-in animate_when_almost_visible\" ><p>This website and the associated provider automatically collects information in the course of website use as part of so-called \"server log files\". This concerns in particular:<\/p>\n<ul>\n<li>IP address or hostname<\/li>\n<li>the browser used<\/li>\n<li>Duration of stay on the website as well as date and time<\/li>\n<li>pages viewed on the website<\/li>\n<li>Language settings and operating system<\/li>\n<li>\"Leaving-Page\" (on which URL did the user leave the website)<\/li>\n<li>ISP (Internet Service Provider)<\/li>\n<\/ul>\n<p>This collected information is not processed in a personal manner or associated with personal data.<\/p>\n<p>The website operator reserves the right to evaluate or check this data in the event that illegal activities become known.<\/p>\n<\/div><div class=\"vc_custom_heading_wrap\"><div class=\"heading-text el-text zoom-in animate_when_almost_visible\" ><h2 class=\"h2\" ><span>Your rights as a data subject<\/span><\/h2><\/div><div class=\"clear\"><\/div><\/div><div class=\"uncode_text_column zoom-in animate_when_almost_visible\" ><p>As a data subject, you have a fundamental right to access your data stored by us:<\/p>\n<ul>\n<li>Information<\/li>\n<li>Data deletion<\/li>\n<li>Correction of the data<\/li>\n<li>Data portability<\/li>\n<li>Revocation and objection to data processing<\/li>\n<li>Restriction<\/li>\n<\/ul>\n<p>If you suspect that violations of data protection law have occurred in the course of processing your data, you have the possibility to complain to us (h.sonnenhof@outlook.com) or to the data protection authority.<\/p>\n<\/div><div class=\"vc_custom_heading_wrap\"><div class=\"heading-text el-text zoom-in animate_when_almost_visible\" ><h2 class=\"h2\" ><span>You can reach us at the following contact details:<\/span><\/h2><\/div><div class=\"clear\"><\/div><\/div><div class=\"uncode_text_column zoom-in animate_when_almost_visible\" ><p><b>Website operators:<\/b>\u00a0Hotel Sonnenhof Inh. Johann Mischkreu<br \/>\n<b>Phone number:<\/b>\u00a0+43422784164<br \/>\n<b>Email:<\/b>\u00a0h.sonnenhof@outlook.com<\/p>\n<p>Quelle:\u00a0<b><a href=\"https:\/\/fairesrecht.at\/\">fairesRecht.at<\/a><\/b>\u00a0in Kooperation mit\u00a0<b><a href=\"https:\/\/fairesspiel.at\/\">Geld zur\u00fcck fordern Online Gl\u00fccksspiel<\/a><\/b><\/p>\n<\/div><\/div><\/div><\/div><\/div><\/div><script id=\"script-row-unique-0\" data-row=\"script-row-unique-0\" type=\"text\/javascript\" class=\"vc_controls\">UNCODE.initRow(document.getElementById(\"row-unique-0\"));<\/script><\/div><\/div><\/div><div data-parent=\"true\" class=\"vc_row inverted-device-order style-color-xsdn-bg row-container\" id=\"row-unique-1\"><div class=\"row col-double-gutter exa-top-padding exa-bottom-padding single-h-padding limit-width row-parent\"><div class=\"wpb_row row-inner\"><div class=\"wpb_column pos-top pos-left align_left column_parent col-lg-2 tablet-hidden col-md-25 single-internal-gutter\"><div class=\"uncol style-light\"  ><div class=\"uncoltable\"><div class=\"uncell no-block-padding\" ><div class=\"uncont\"><div class=\"uncode-vc-social\"><div class=\"social-icon icon-box icon-box-top icon-inline\" ><a href=\"https:\/\/www.facebook.com\/sonnenhofmariarain\/\" target=\"_blank\"><i class=\"fa fa-facebook-square\"><\/i><\/a><\/div><div class=\"social-icon icon-box icon-box-top icon-inline\" ><a href=\"https:\/\/www.tripadvisor.at\/Restaurant_Review-g1170741-d10833622-Reviews-Restaurant_Sonnenhof-Maria_Rain_Carinthia_Austrian_Alps.html\" target=\"_blank\"><i class=\"fa fa-tripadvisor\"><\/i><\/a><\/div><\/div><\/div><\/div><\/div><\/div><\/div><div class=\"wpb_column pos-top pos-left align_left column_parent col-lg-10 col-md-100 single-internal-gutter\"><div class=\"uncol style-light\"  ><div class=\"uncoltable\"><div class=\"uncell no-block-padding\" ><div class=\"uncont\"><div class=\"vc_row row-internal row-container\"><div class=\"row col-double-gutter row-child\"><div class=\"wpb_row row-inner\"><div class=\"wpb_column pos-top pos-center align_left column_child col-lg-4 col-md-33 single-internal-gutter\"><div class=\"uncol style-light\" ><div class=\"uncoltable\"><div class=\"uncell no-block-padding\" ><div class=\"uncont\"><div class=\"vc_custom_heading_wrap\"><div class=\"heading-text el-text\" ><h5 class=\"h4\" ><span>menu<\/span><\/h5><\/div><div class=\"clear\"><\/div><\/div><div class=\"uncode-wrapper uncode-list\" >\n<ul class=\"icons\">\n<li><i class=\"fa fa-arrow-right2 text-color-rgdb-color\"><\/i><a href=\"https:\/\/sonnenhof-mariarain.at\/en\/\">home<\/a><\/li>\n<li><i class=\"fa fa-arrow-right2 text-color-rgdb-color\"><\/i><a href=\"https:\/\/sonnenhof-mariarain.at\/en\/buchen\/\">book now<\/a><\/li>\n<li><i class=\"fa fa-arrow-right2 text-color-rgdb-color\"><\/i><a href=\"https:\/\/sonnenhof-mariarain.at\/en\/einzelzimmer\/\">single room<\/a><\/li>\n<li><i class=\"fa fa-arrow-right2 text-color-rgdb-color\"><\/i><a href=\"https:\/\/sonnenhof-mariarain.at\/en\/doppelzimmer\/\">double\/ twin room<\/a><\/li>\n<li><i class=\"fa fa-arrow-right2 text-color-rgdb-color\"><\/i><a href=\"https:\/\/sonnenhof-mariarain.at\/en\/dreibettzimmer\/\">triple room<\/a><\/li>\n<li><i class=\"fa fa-arrow-right2 text-color-rgdb-color\"><\/i><a href=\"https:\/\/sonnenhof-mariarain.at\/en\/familienzimmer\/\">family room<\/a><\/li>\n<li><i class=\"fa fa-arrow-right2 text-color-rgdb-color\"><\/i><a href=\"https:\/\/sonnenhof-mariarain.at\/en\/doppelzimmer-mit-himmelbett\/\">double room with four-poster bed<\/a><\/li>\n<\/ul>\n<\/div><\/div><\/div><\/div><\/div><\/div><div class=\"wpb_column pos-top pos-center align_left column_child col-lg-4 col-md-33 single-internal-gutter\"><div class=\"uncol style-light\" ><div class=\"uncoltable\"><div class=\"uncell no-block-padding\" ><div class=\"uncont\"><div class=\"vc_custom_heading_wrap\"><div class=\"heading-text el-text\" ><h5 class=\"h4\" ><span>legal<\/span><\/h5><\/div><div class=\"clear\"><\/div><\/div><div class=\"uncode-wrapper uncode-list\" >\n<ul class=\"icons\">\n<li><i class=\"fa fa-arrow-right2 text-color-rgdb-color\"><\/i><a href=\"https:\/\/sonnenhof-mariarain.at\/en\/impressum\/\">imprint<\/a><\/li>\n<li><i class=\"fa fa-arrow-right2 text-color-rgdb-color\"><\/i><a href=\"https:\/\/sonnenhof-mariarain.at\/en\/datenschutz\/\">privacy policy<\/a><\/li>\n<\/ul>\n<\/div><\/div><\/div><\/div><\/div><\/div><div class=\"wpb_column pos-top pos-center align_left column_child col-lg-4 col-md-33 single-internal-gutter\"><div class=\"uncol style-light\" ><div class=\"uncoltable\"><div class=\"uncell no-block-padding\" ><div class=\"uncont\"><div class=\"vc_custom_heading_wrap\"><div class=\"heading-text el-text\" ><h5 class=\"h4\" ><span>contact<\/span><\/h5><\/div><div class=\"clear\"><\/div><\/div><div class=\"uncode_text_column text-color-prif-color\" ><p>h.sonnenhof@outlook.com<\/p>\n<p>+43 (0)4227 84164<\/p>\n<\/div><\/div><\/div><\/div><\/div><\/div><\/div><\/div><\/div><\/div><\/div><\/div><\/div><\/div><script id=\"script-row-unique-1\" data-row=\"script-row-unique-1\" type=\"text\/javascript\" class=\"vc_controls\">UNCODE.initRow(document.getElementById(\"row-unique-1\"));<\/script><\/div><\/div><\/div><div data-parent=\"true\" class=\"vc_row row-container\" id=\"row-unique-2\"><div class=\"row limit-width row-parent\"><div class=\"wpb_row row-inner\"><div class=\"wpb_column pos-top pos-center align_center column_parent col-lg-12 single-internal-gutter\"><div class=\"uncol style-light\"  ><div class=\"uncoltable\"><div class=\"uncell no-block-padding\" ><div class=\"uncont\"><div class=\"uncode_text_column\" ><p>\u00a9 Copyright 2022 Hotel Sonnenhof<\/p>\n<p>Made with \u2661 by\u00a0<a href=\"https:\/\/www.thorsolutions.at\/\">Thor Solutions<\/a><\/p>\n<\/div><\/div><\/div><\/div><\/div><\/div><script id=\"script-row-unique-2\" data-row=\"script-row-unique-2\" type=\"text\/javascript\" class=\"vc_controls\">UNCODE.initRow(document.getElementById(\"row-unique-2\"));<\/script><\/div><\/div><\/div>\n<\/div>","protected":false},"excerpt":{"rendered":"Datenschutzerkl\u00e4rungIn folgender Datenschutzerkl\u00e4rung informieren wir Sie \u00fcber die wichtigsten Aspekte der Datenverarbeitung im Rahmen unserer Webseite. Wir erheben und verarbeiten [...]","protected":false},"author":1,"featured_media":0,"parent":0,"menu_order":0,"comment_status":"closed","ping_status":"closed","template":"","meta":{"footnotes":""},"class_list":["post-190","page","type-page","status-publish","hentry"],"yoast_head":"<!-- This site is optimized with the Yoast SEO plugin v23.0 - https:\/\/yoast.com\/wordpress\/plugins\/seo\/ -->\n<title>Datenschutz - Sonnenhof<\/title>\n<meta name=\"robots\" content=\"index, follow, max-snippet:-1, max-image-preview:large, max-video-preview:-1\" \/>\n<link rel=\"canonical\" href=\"https:\/\/sonnenhof-mariarain.at\/en\/datenschutz\/\" \/>\n<meta property=\"og:locale\" content=\"en_US\" \/>\n<meta property=\"og:type\" content=\"article\" \/>\n<meta property=\"og:title\" content=\"Datenschutz - Sonnenhof\" \/>\n<meta property=\"og:url\" content=\"https:\/\/sonnenhof-mariarain.at\/en\/datenschutz\/\" \/>\n<meta property=\"og:site_name\" content=\"Sonnenhof\" \/>\n<meta property=\"article:modified_time\" content=\"2022-11-02T14:57:12+00:00\" \/>\n<meta name=\"twitter:card\" content=\"summary_large_image\" \/>\n<meta name=\"twitter:label1\" content=\"Est. reading time\" \/>\n\t<meta name=\"twitter:data1\" content=\"4 minutes\" \/>\n<script type=\"application\/ld+json\" class=\"yoast-schema-graph\">{\"@context\":\"https:\/\/schema.org\",\"@graph\":[{\"@type\":\"WebPage\",\"@id\":\"https:\/\/sonnenhof-mariarain.at\/datenschutz\/\",\"url\":\"https:\/\/sonnenhof-mariarain.at\/datenschutz\/\",\"name\":\"Datenschutz - Sonnenhof\",\"isPartOf\":{\"@id\":\"https:\/\/sonnenhof-mariarain.at\/#website\"},\"datePublished\":\"2022-10-22T19:49:47+00:00\",\"dateModified\":\"2022-11-02T14:57:12+00:00\",\"breadcrumb\":{\"@id\":\"https:\/\/sonnenhof-mariarain.at\/datenschutz\/#breadcrumb\"},\"inLanguage\":\"en-US\",\"potentialAction\":[{\"@type\":\"ReadAction\",\"target\":[\"https:\/\/sonnenhof-mariarain.at\/datenschutz\/\"]}]},{\"@type\":\"BreadcrumbList\",\"@id\":\"https:\/\/sonnenhof-mariarain.at\/datenschutz\/#breadcrumb\",\"itemListElement\":[{\"@type\":\"ListItem\",\"position\":1,\"name\":\"Home\",\"item\":\"https:\/\/sonnenhof-mariarain.at\/\"},{\"@type\":\"ListItem\",\"position\":2,\"name\":\"Datenschutz\"}]},{\"@type\":\"WebSite\",\"@id\":\"https:\/\/sonnenhof-mariarain.at\/#website\",\"url\":\"https:\/\/sonnenhof-mariarain.at\/\",\"name\":\"Hotel Sonnenhof\",\"description\":\"Just another WordPress site\",\"potentialAction\":[{\"@type\":\"SearchAction\",\"target\":{\"@type\":\"EntryPoint\",\"urlTemplate\":\"https:\/\/sonnenhof-mariarain.at\/?s={search_term_string}\"},\"query-input\":\"required name=search_term_string\"}],\"inLanguage\":\"en-US\"}]}<\/script>\n<!-- \/ Yoast SEO plugin. -->","yoast_head_json":{"title":"Datenschutz - Sonnenhof","robots":{"index":"index","follow":"follow","max-snippet":"max-snippet:-1","max-image-preview":"max-image-preview:large","max-video-preview":"max-video-preview:-1"},"canonical":"https:\/\/sonnenhof-mariarain.at\/en\/datenschutz\/","og_locale":"en_US","og_type":"article","og_title":"Datenschutz - Sonnenhof","og_url":"https:\/\/sonnenhof-mariarain.at\/en\/datenschutz\/","og_site_name":"Sonnenhof","article_modified_time":"2022-11-02T14:57:12+00:00","twitter_card":"summary_large_image","twitter_misc":{"Est. reading time":"4 minutes"},"schema":{"@context":"https:\/\/schema.org","@graph":[{"@type":"WebPage","@id":"https:\/\/sonnenhof-mariarain.at\/datenschutz\/","url":"https:\/\/sonnenhof-mariarain.at\/datenschutz\/","name":"Datenschutz - Sonnenhof","isPartOf":{"@id":"https:\/\/sonnenhof-mariarain.at\/#website"},"datePublished":"2022-10-22T19:49:47+00:00","dateModified":"2022-11-02T14:57:12+00:00","breadcrumb":{"@id":"https:\/\/sonnenhof-mariarain.at\/datenschutz\/#breadcrumb"},"inLanguage":"en-US","potentialAction":[{"@type":"ReadAction","target":["https:\/\/sonnenhof-mariarain.at\/datenschutz\/"]}]},{"@type":"BreadcrumbList","@id":"https:\/\/sonnenhof-mariarain.at\/datenschutz\/#breadcrumb","itemListElement":[{"@type":"ListItem","position":1,"name":"Home","item":"https:\/\/sonnenhof-mariarain.at\/"},{"@type":"ListItem","position":2,"name":"Datenschutz"}]},{"@type":"WebSite","@id":"https:\/\/sonnenhof-mariarain.at\/#website","url":"https:\/\/sonnenhof-mariarain.at\/","name":"Hotel Sonnenhof","description":"Just another WordPress site","potentialAction":[{"@type":"SearchAction","target":{"@type":"EntryPoint","urlTemplate":"https:\/\/sonnenhof-mariarain.at\/?s={search_term_string}"},"query-input":"required name=search_term_string"}],"inLanguage":"en-US"}]}},"_links":{"self":[{"href":"https:\/\/sonnenhof-mariarain.at\/en\/wp-json\/wp\/v2\/pages\/190","targetHints":{"allow":["GET"]}}],"collection":[{"href":"https:\/\/sonnenhof-mariarain.at\/en\/wp-json\/wp\/v2\/pages"}],"about":[{"href":"https:\/\/sonnenhof-mariarain.at\/en\/wp-json\/wp\/v2\/types\/page"}],"author":[{"embeddable":true,"href":"https:\/\/sonnenhof-mariarain.at\/en\/wp-json\/wp\/v2\/users\/1"}],"replies":[{"embeddable":true,"href":"https:\/\/sonnenhof-mariarain.at\/en\/wp-json\/wp\/v2\/comments?post=190"}],"version-history":[{"count":12,"href":"https:\/\/sonnenhof-mariarain.at\/en\/wp-json\/wp\/v2\/pages\/190\/revisions"}],"predecessor-version":[{"id":384,"href":"https:\/\/sonnenhof-mariarain.at\/en\/wp-json\/wp\/v2\/pages\/190\/revisions\/384"}],"wp:attachment":[{"href":"https:\/\/sonnenhof-mariarain.at\/en\/wp-json\/wp\/v2\/media?parent=190"}],"curies":[{"name":"wp","href":"https:\/\/api.w.org\/{rel}","templated":true}]}}